{"id":56,"date":"2017-12-12T10:55:12","date_gmt":"2017-12-12T14:55:12","guid":{"rendered":"http:\/\/ayuntamiento.guineo\/transparencia\/?page_id=56"},"modified":"2021-07-17T20:04:06","modified_gmt":"2021-07-18T00:04:06","slug":"derechos-de-los-ciudadanos","status":"publish","type":"page","link":"https:\/\/www.ayuntamientoelllano.gob.do\/transparencia\/derechos-de-los-ciudadanos\/","title":{"rendered":"Derechos de los Ciudadanos"},"content":{"rendered":"<h1><span style=\"background-color: #ffffff;color: #339966\"><strong>Todos los Ciudadanos Tienen Derecho\u00a0<\/strong><\/span><\/h1>\n<p>1. Solicitar y recibir informaci\u00f3n completa, adecuada, oportuna y veraz, del Ayuntamiento Municipal de El Llano.<br data-rich-text-line-break=\"true\" \/>2. Acceder a informaci\u00f3n contenida en expedientes, resoluciones y actas del Ayuntamiento Municipal de El Llano, as\u00ed como estar informado peri\u00f3dicamente, cuando fuese necesario, de las actividades que desarrollan entidades y personas que cumplen funciones en la instituci\u00f3n.<br data-rich-text-line-break=\"true\" \/>3. Investigar, solicitar, recibir y difundir informaci\u00f3n perteneciente del Ayuntamiento Municipal de El Llano, y de formular consultas a las entidades y personas que cumplan funciones en la misma y obtener copia de los expedientes que recopilen informaci\u00f3n sobre el ejercicio de las actividades de su competencia.<br data-rich-text-line-break=\"true\" \/>4. Recibir la informaci\u00f3n, simple y detallada, sobre los tr\u00e1mites y procedimientos necesarios para concluir la solicitud de los datos que requieran, solicitar orientaci\u00f3n o formular quejas, consultas o reclamos sobre la prestaci\u00f3n del servicio o sobre el ejercicio de las funciones o competencias a cargo de la entidad o persona de que se trate.<br data-rich-text-line-break=\"true\" \/>5. Recibir la informaci\u00f3n en el periodo establecido, en el formato existente y por la v\u00eda establecida de acuerdo con ley de libre acceso a la informaci\u00f3n.<br data-rich-text-line-break=\"true\" \/>6. Acceder a la informaci\u00f3n de forma gratuita, en tanto no requiera la reproducci\u00f3n de esta.<br data-rich-text-line-break=\"true\" \/>7. Ser notificado oportunamente y por escrito sobre limitaciones y excepciones para hacer disponible la informaci\u00f3n solicitada y el fundamento legal de la denegatoria.<br data-rich-text-line-break=\"true\" \/>8. Recurrir a las autoridades jer\u00e1rquicas superiores del ente u \u00f3rgano de que se trate, a fin de resolver de forma definitiva la denegaci\u00f3n de la informaci\u00f3n solicitada, cuando \u00e9sta se debe a razones de reserva o confidencialidad o cuando no est\u00e9 conforme con la decisi\u00f3n adoptada.<br data-rich-text-line-break=\"true\" \/>9. Obtener un recurso de amparo ante el Tribunal Contencioso Administrativo en los casos en que el organismo o la persona a quien se haya solicitado la informaci\u00f3n, no ofrezca \u00e9sta en el tiempo establecido para ello o, cuando el \u00f3rgano superior jer\u00e1rquico no fallare el recurso interpuesto en el tiempo establecido.<br data-rich-text-line-break=\"true\" \/>En cumplimiento a la Ley 200-04 y el Decreto 130-05, el acceso a la informaci\u00f3n se har\u00e1 efectivo siempre y cuando no afecte la seguridad nacional, el orden p\u00fablico, la salud o la moral p\u00fablica o el derecho a la privacidad e intimidad de un tercero o el derecho a la reputaci\u00f3n de los dem\u00e1s.<\/p>\n","protected":false},"excerpt":{"rendered":"Todos los Ciudadanos Tienen Derecho\u00a0 1. Solicitar y recibir informaci\u00f3n completa, adecuada, oportuna y veraz, del Ayuntamiento Municipal de El Llano.2. Acceder a informaci\u00f3n contenida en expedientes, resoluciones y actas del Ayuntamiento Municipal de El Llano, as\u00ed como estar informado peri\u00f3dicamente, cuando fuese necesario, de las actividades que desarrollan entidades y personas que cumplen funciones&#8230;","protected":false},"author":1,"featured_media":0,"parent":0,"menu_order":0,"comment_status":"closed","ping_status":"closed","template":"","meta":[],"_links":{"self":[{"href":"https:\/\/www.ayuntamientoelllano.gob.do\/transparencia\/wp-json\/wp\/v2\/pages\/56"}],"collection":[{"href":"https:\/\/www.ayuntamientoelllano.gob.do\/transparencia\/wp-json\/wp\/v2\/pages"}],"about":[{"href":"https:\/\/www.ayuntamientoelllano.gob.do\/transparencia\/wp-json\/wp\/v2\/types\/page"}],"author":[{"embeddable":true,"href":"https:\/\/www.ayuntamientoelllano.gob.do\/transparencia\/wp-json\/wp\/v2\/users\/1"}],"replies":[{"embeddable":true,"href":"https:\/\/www.ayuntamientoelllano.gob.do\/transparencia\/wp-json\/wp\/v2\/comments?post=56"}],"version-history":[{"count":2,"href":"https:\/\/www.ayuntamientoelllano.gob.do\/transparencia\/wp-json\/wp\/v2\/pages\/56\/revisions"}],"predecessor-version":[{"id":373,"href":"https:\/\/www.ayuntamientoelllano.gob.do\/transparencia\/wp-json\/wp\/v2\/pages\/56\/revisions\/373"}],"wp:attachment":[{"href":"https:\/\/www.ayuntamientoelllano.gob.do\/transparencia\/wp-json\/wp\/v2\/media?parent=56"}],"curies":[{"name":"wp","href":"https:\/\/api.w.org\/{rel}","templated":true}]}}