{"id":258,"date":"2018-01-22T10:17:40","date_gmt":"2018-01-22T14:17:40","guid":{"rendered":"http:\/\/ayuntamiento.o\/transparencia\/?page_id=258"},"modified":"2024-07-10T16:35:40","modified_gmt":"2024-07-10T20:35:40","slug":"responsable-de-acceso-a-la-informacion","status":"publish","type":"page","link":"https:\/\/www.ayuntamientoelllano.gob.do\/transparencia\/responsable-de-acceso-a-la-informacion\/","title":{"rendered":"Responsable de Acceso a la Informaci\u00f3n"},"content":{"rendered":"<h4><span style=\"color: #008000\"><strong>Responsable de Acceso a la Informaci\u00f3n (RAI)<\/strong><\/span><\/h4>\n<h4 class=\"paragraph ng-attr-widget\"><strong>Licda. Fannys Josefina Ram\u00edrez Delgado<\/strong><\/h4>\n<h4>Tel\u00e9fonos: <strong>829-887-4712 \/ 809-931-8942<\/strong><\/h4>\n<h4>Correo: <strong>\u00a0libreaccesoalainformacion@ayuntamientoelllano.gob.do \/<\/strong><\/h4>\n<h4>Direcci\u00f3n: <strong>Calle Cachim\u00e1n No. 01, El Llano, Provincia El\u00edas Pi\u00f1a<\/strong><\/h4>\n\n\n<p><\/p>\n\n\n\n<div class=\"wp-block-columns\">\u00a0<\/div>\n<p>\u00a0<\/p>\n","protected":false},"excerpt":{"rendered":"Responsable de Acceso a la Informaci\u00f3n (RAI) Licda. Fannys Josefina Ram\u00edrez Delgado Tel\u00e9fonos: 829-887-4712 \/ 809-931-8942 Correo: \u00a0libreaccesoalainformacion@ayuntamientoelllano.gob.do \/ Direcci\u00f3n: Calle Cachim\u00e1n No. 01, El Llano, Provincia El\u00edas Pi\u00f1a \u00a0 \u00a0","protected":false},"author":1,"featured_media":0,"parent":0,"menu_order":0,"comment_status":"closed","ping_status":"closed","template":"","meta":[],"_links":{"self":[{"href":"https:\/\/www.ayuntamientoelllano.gob.do\/transparencia\/wp-json\/wp\/v2\/pages\/258"}],"collection":[{"href":"https:\/\/www.ayuntamientoelllano.gob.do\/transparencia\/wp-json\/wp\/v2\/pages"}],"about":[{"href":"https:\/\/www.ayuntamientoelllano.gob.do\/transparencia\/wp-json\/wp\/v2\/types\/page"}],"author":[{"embeddable":true,"href":"https:\/\/www.ayuntamientoelllano.gob.do\/transparencia\/wp-json\/wp\/v2\/users\/1"}],"replies":[{"embeddable":true,"href":"https:\/\/www.ayuntamientoelllano.gob.do\/transparencia\/wp-json\/wp\/v2\/comments?post=258"}],"version-history":[{"count":6,"href":"https:\/\/www.ayuntamientoelllano.gob.do\/transparencia\/wp-json\/wp\/v2\/pages\/258\/revisions"}],"predecessor-version":[{"id":717,"href":"https:\/\/www.ayuntamientoelllano.gob.do\/transparencia\/wp-json\/wp\/v2\/pages\/258\/revisions\/717"}],"wp:attachment":[{"href":"https:\/\/www.ayuntamientoelllano.gob.do\/transparencia\/wp-json\/wp\/v2\/media?parent=258"}],"curies":[{"name":"wp","href":"https:\/\/api.w.org\/{rel}","templated":true}]}}